{"id":6837,"date":"2017-10-29T16:45:20","date_gmt":"2017-10-29T16:45:20","guid":{"rendered":"http:\/\/www.rama-glas.com\/reference\/"},"modified":"2020-08-07T15:35:54","modified_gmt":"2020-08-07T14:35:54","slug":"references","status":"publish","type":"page","link":"https:\/\/www.rama-glas.com\/en\/references\/","title":{"rendered":"References"},"content":{"rendered":"<div class=\"hover_color align_\" style=\"background-color:#00457c;border-color:#00457c;\" ontouchstart=\"this.classList.toggle('hover');\"><div class=\"hover_color_bg\" style=\"background-color:#f2f3f5;border-color:#00457c;border-width:;\"><div class=\"hover_color_wrapper\" style=\"padding:20px 10px 0px 10px;\"><a class=\"popup-download-link\" href=\"#popup-reference\" rel=\"lightbox\"><\/p>\n<h3 style=\"text-align: center; color: #00457c; margin-bottom:0px;\">REFERENCES<\/h3>\n<p><\/a><br \/>\n<\/div><\/div>\n<\/div>\n\n<div id=\"popup-reference\" class=\"popup-content popup-download\" style=\"max-width: 600px !important;\">\n<div class=\"popup-inner\" style=\"padding: 20px;\">\n<h2 style=\"text-align: center; color: #00457c;\"><strong>REFERENCES<\/strong><\/h2>\n<p><strong>SHOPPING MALLS<\/strong><br \/>\nSARAJEVO CITY CENTER u Sarajevu (godina 2013.\/2014.)<br \/>\nMEPAS MALL u Mostaru (godina 2012.)<br \/>\nALTA SHOPPING CENTAR u Sarajevu (godina 2010.)<br \/>\nTR\u017dNI CENTAR MERKATOR u Banja Luci (godina 2009.)<br \/>\nTR\u017dNI CENTAR \u201eBBI\u201c u Sarajevu (godina 2009.)<br \/>\nTR\u017dNI CENTAR \u201eHECO PROM\u201c u Sarajevu (godina 2008.)<br \/>\nTR\u017dNI CENTAR MERKATOR u Br\u010dkom (godina 2008.)<br \/>\nT.C. \u201eROBOT\u201c, Novo Sarajevo (godina 2006.\/2007.)<br \/>\nT.C. \u201eINTEREX\u201c u Sarajevu (godina 2004.)<br \/>\nT.C. \u201eVELPRO\u201c u naselju Rajlovac, Sarajevo (godina 2004.)<br \/>\nVELPRO TR\u017dNI CENTAR u Sarajevu<br \/>\nMERCATOR T.C. u Sarajevu (godina 2000.)<br \/>\nINTEREX u Banja Luci (godina 2002.)<br \/>\nBUSINESS CENTER \u201cAKSA 2002\u201d u Zenici (godina 2002.)<br \/>\nOBI CENTAR na Ilid\u017ei (godina 2002.\/2003.)<br \/>\nSAM-SHOP UPRAVNA ZGRADA I SUPERMARKET u naselju \u0160ip, Sarajevo (godina 2003.)<\/p>\n<p><strong>HOTELS<\/strong><br \/>\nHOTEL MARRIOTT u Sarajevu (godina 2014.)<br \/>\nHOTEL \u010cAR\u0160IJA u Sarajevu (godina 2014.)<br \/>\nSARAJEVO CITY CENTER u Sarajevu (godina 2013.\/2014.)<br \/>\nHOTEL EUROPA Sarajevo \u2013 ograde, u Sarajevu (godina 2012.)<br \/>\nHOTEL HOLLYWOOD uSarajevu (godina 2010,)<br \/>\nHOTEL \u201cBRISTOL \u2013 GRAND\u201d u Sarajevu (godina 2010.)<br \/>\nHOTEL HAN na Bjela\u0161nici (godina 2009.)<br \/>\nHOTEL EUROPA u Sarajevu (godina 2009.)<br \/>\nHOTEL TERME \u201cHOTELI ILID\u017dA \u201c u Sarajevu (godina 2006.)<br \/>\nHOTEL HOLLYWOOD na Ilid\u017ei (godina 2003.)<br \/>\nHOTEL EXCLUSIVE u naselju Rajlovac, Sarajevo (godina 2004.)<br \/>\nHOTEL TERME \u201cHOTELI ILID\u017dA \u201c u Sarajevu (godina 2006.)<\/p>\n<p><strong>INTERNATIONAL MARKET<\/strong><br \/>\nSTO VEROTEC GLASS \u201eLKT BADEN\u201c Austrija (godina 2014.)<br \/>\nSTO VEROTEC GLASS \u201eRECOM GMUNDEN\u201c Austrija (godina 2014.)<br \/>\nSTO VEROTEC GLASS \u201eBANBURY STATION\u201c Njema\u010dka (godina 2013.)<br \/>\nSTO VEROTEC GLASS \u201eABB MANHEIM\u201c Njema\u010dka (godina 2013.)<br \/>\nSTO VEROTEC GLASS \u201eFRONIUS\u201c Austrija (godina 2010.\/2011.)<br \/>\nHOTEL PLAKIR u Dubrovniku (godina 2009.)<br \/>\nMODENA (Main and Club house), Karibi (godina 2007.)<br \/>\nLOCKRUM VILLAS 1 i 2, Karibi (godina 2006.)<br \/>\nVICEROY, Karibi (2007.\/2008.)<br \/>\nWOONPARK TRIADE TE VLAARDINGEN\u201d Holandija (godina 2006.)<br \/>\nCARINE u Crnoj Gori (godine 2005.)<\/p>\n<p><strong>RESIDENTIAL BUILDINGS<\/strong><br \/>\nSTAMBENI OBJEKAT OKI DOBRINJA u Sarajevu (godina 2014.)<br \/>\nREZIDENCIJA POLJINE u Sarajevu (godina 2014.)<br \/>\nBUTMIR OBJEKAT S2 u Sarajevu (godina 2013.)<br \/>\nSTO VEROTEC GLASS \u201eDRESDEN GLAXO\u201c Njema\u010dka (godina 2012.)<br \/>\nSTO VEROTEC GLASS \u201eART MUSEUM\u201c Njema\u010dka (godina 2012.)<br \/>\nSTAMBENI OBJEKAT \u201cBOLGRANO\u201d u Sarajevu (godina 2010.)<br \/>\nSTAMBENI OBJEKAT na Bjela\u0161nici \u2013 Babin Do (godina 2005.)<br \/>\nSTAMBENI OBJEKTI U NASELJIMA DOBRINJA I<br \/>\nSTAMBENI OBJEKTI U NASELJIMA DOBRINJA IV<br \/>\nSTAMBENI OBJEKTI U NASELJIMA DOBRINJA V<br \/>\nSTAMBENI OBJEKTI U NASELJIMA MOJMILO<\/p>\n<p><strong>CORPORATE BUILDINGS<\/strong><br \/>\nCNN STUDIO u Sarajevu (godina 2014.)<br \/>\nMBA CENTAR u Vogo\u0161\u0107i (godina 2014.)<br \/>\nPOSLOVNI OBJEKAT BBM u Sarajevu (godina 2014.)<br \/>\nSARAJEVO CITY CENTER u Sarajevu (godina 2013.\/2014.)<br \/>\nGRANOFF u Vogo\u0161\u0107i (godina 2013.)<br \/>\nSBERBANK u Sarajevu (godina 2013.)<br \/>\nUNION BANKA u Sarajevu (godina 2012.)<br \/>\nUPRAVNA ZGRADA FEAL u \u0160irokom Brijegu (godina 2012.)<br \/>\nRAIFFEISEN BANK u Sarajevu (godina 2010.)<br \/>\nP.O. \u201cFAR\u201d u Vogo\u0161\u0107i (godina 2010.)<br \/>\nA10 KVADRANT C RAIFFEISEN BANK u Sarajevu (godina 2010.)<br \/>\nP.O. \u201eD\u017dIGAL\u201c u Sarajevu (godina 2010.)<br \/>\nP.O. \u201cBRASS\u201d u Sarajevu (godina 2010.)<br \/>\nIMPORTANNE CENTER u Sarajevu (godina 2010.)<br \/>\nFARMAVITA u Vogo\u0161\u0107i (godina 2009.)<br \/>\nPOSLOVNI OBJEKAT \u201eCEDING\u201c u Mostaru (godina 2009.)<br \/>\nPOSLOVNI CENTAR \u201eAVAZ TWIST TOWER\u201c u Sarajevu (godina 2009.)<br \/>\nPOSLOVNA ZGRADA \u201eKUMROVEC\u201c u Sarajevu (godina 2008.)<br \/>\nPOSLOVNA ZGRADA \u201eMELE\u201c u Sarajevu (godina 2008.)<br \/>\nPOSLOVNA ZGRADA \u201eGRAWE 2\u201c u Sarajevu (2007.\/2008.)<br \/>\nPOSLOVNI CENTAR \u201eVOLVING BH\u201c u Sarajevu (godina 2007.\/2008.)<br \/>\nStambeno poslovni centar \u201eLAKE\u201c objekat \u201eB\u201c i \u201eC\u201c u Sarajevu (godina 2007.\/2008.)<br \/>\nBOSMAL CITY CENTAR u Sarajevu (godina 2007.\/2008.)<br \/>\nKINO DUBROVNIK u Sarajevu (godina 2007.\/2008.)<br \/>\nUPI BANKA d.d. Sarajevo, filijala Kakanj (godina 2007.)<br \/>\nPOSLOVNI OBJEKAT \u201c ORSSEY \u201c u Rajlovcu, Sarajevo (godina 2006.)<br \/>\nPOSLOVNI OBJEKAT \u201c INTRADE-PHARM \u201c u Sarajevu (godina 2006.)<br \/>\nPOSLOVNI OBJEKAT \u201c R &amp; S \u201c u Sarajevu (godina 2006.)<br \/>\nVOLKSBANK Sarajevo , poslovnica u Zenici (godina 2006.)<br \/>\nHIPERMARKET \u201c GAD\u017dO COMERC \u201c u naselju Alipa\u0161ino polje, u Sarajevu (godina 2006.)<br \/>\nPOSLOVNO PRODAJNI CENTAR \u201cASA HOLDING \u201c u Sarajevu (godina 2006.)<br \/>\nPOSLOVNA ZGRADA \u201eGRAWE 1\u201c u Sarajevu (godina 2006.)<br \/>\nDD BH TELECOM SARAJEVO u Sarajevu (godina 2005.)<br \/>\nAUTO SALON-CITROEN SARAJEVO u Sarajevu (godina 2005.)<br \/>\nBOSANKA BLA\u017dUJ u naselju Bla\u017euj, Sarajevo (godina 2005.)<br \/>\nPOSLOVNO PRODAJNI CENTAR \u201cASA HOLDING \u201c u Sarajevu (godina 2005.)<br \/>\nPOSLOVNI OBJEKAT \u201c EURO ASFALT \u201d u Sarajevu (godina 2005.)<br \/>\nPOSLOVNI OBJEKAT \u201c ATRAKTIV \u201c u naselju Stup, Sarajevo (godina 2005.)<br \/>\nPOSLOVNI OBJEKAT \u201c ELPI COMERC \u201d u Sarajevu (godina 2005.)<br \/>\nSALON NAMJE\u0160TAJA LIVING \u2013 \u201c TVIN Komerc \u201c u Sarajevu (godina 2005.)<br \/>\nDIREKCIJA CESTA u Sarajevu (godina 2004.)<br \/>\nPOSLOVNI OBJEKAT u Bilje\u0161evu kod Kaknja (godina 2004.)<br \/>\nATRAKTIV poslovna zgrada u Sarajevu (godina 2004.)<br \/>\nBOSMAL CITY CENTAR u Sarajevu (godina 2004.)<br \/>\nPOSLOVNI CENTAR \u201cBMC\u201d u Sarajevu (godina 2003.)<br \/>\nTKC DOLAC MALTA u Sarajevu (godina 2004.)<br \/>\nBOSNALIJEK-RAZVOJ u Sarajevu (godina 2003.)<br \/>\nFORD-AUTOCENTAR u Sarajevu (godina 2003.)<br \/>\nHIT CASINO COLOSEUM u Sarajevu (godina 2002.)<br \/>\nP.C. UNIS Toranj \u201cA\u201d i \u201cB\u201d i niski dijelovi \u201cC\u201d, \u201cD\u201d i \u201cE\u201d u Sarajevu (godina 2002.\/2003.)<br \/>\nSUNCE BIH OSIGURANJE-FILIJALA SARAJEVO (godina 2001.\/2002.)<br \/>\nSALON UZ COMERC Jelah, Te\u0161anj (godina 2002.)<br \/>\nBENZINSKE PUMPE u Lukavici (godina 2001.) i Krupcu (godina 2002.)<br \/>\nPIO BIH u Sarajevu (godina 2001.)<br \/>\nBO\u0160NJA\u010cKI INSTITUT u Sarajevu (godina 2000.\/2001.)<br \/>\nBENZINSKA PUMPA 3 Boil u Sarajevu<br \/>\nSARAJEVO OSIGURANJE u Tuzli<br \/>\nVI\u0160E FABRIKA NA PODRU\u0106JU KANTONA Sarajevo<br \/>\nOBJEKTI SARAJEVO OSIGURANJA u Sarajevu<br \/>\nOBJEKTI APOTEKE SARAJEVO u Sarajevu<br \/>\nGLAVNA PO\u0160TA SARAJEVO u Sarajevu<br \/>\nTELOPTIC PO-5 u Sarajevu<br \/>\nPOSLOVNA ZGRADA AVAZ u Sarajevu<br \/>\nBOSNALIJEK<br \/>\nAUSTRIJSKA AMBASADA<br \/>\n<strong>OTHER<\/strong><br \/>\nSTUDENTSKI DOM \u201eIZVOR NADE\u201c na Ilid\u017ei, Sarajevo (godina 2012.)<br \/>\nTURSKA AMBASADA u Sarajevu (godina 2012.)<br \/>\nDKP AMBASADA A6 u Sarajevu (godina 2012.)<br \/>\nSVE\u0106ENI\u010cKI DOM u Sarajevu (godina 2011.)<br \/>\nSRC \u201eOLIMPIJSKI BAZEN OTOKA\u201c u Sarajevu (godina 2008.)<br \/>\nSalon namje\u0161taja \u201eCASA MIA\u201c u Sarajevu (godina 2007.)<br \/>\nPARLAMENTARNA SKUP\u0160TINA BiH u Sarajevu (godina 2007.)<br \/>\nBENZINSKA PUMPA u Kiseljaku (godina 2007.)<br \/>\nHLADNJA\u010cA \u201c GAD\u017dO COMERC \u201c u naselju Stup, Sarajevo (godina 2006.)<br \/>\nMEMORIJALNA D\u017dAMIJA u naselju Ahatovi\u0107i, Sarajevo (godina 2006.)<br \/>\nMARKET \u201c GAD\u017dO COMERC \u201c u naselju \u010cengi\u0107 vila, u Sarajevo (godina 2006.)<br \/>\nProizvodno stambeni objekat \u201cPROVING IN\u017dENJERING\u201c u Rajlovcu, Sarajevo (godina 2006.)<br \/>\nPARLAMENTARNA SKUP\u0160TINA BiH u Sarajevu (godina 2006.)<br \/>\nBRITISH COUNCIL u Sarajevu (godina 2005.)<br \/>\nOSNOVNA \u0160KOLA u Pruscu (godina 2003.)<br \/>\nUDRU\u017dENJE SLIJEPIH GRA\u0110ANA K. Sarajevo (godina 2001.)<br \/>\nKLINI\u010cKI CENTAR u Sarajevu (godina 2001.)<br \/>\nD\u017dAMIJA KRALJA FAHDA u Sarajevu<br \/>\nSTUDENTSKI DOM NED\u017dARI\u0106I u Sarajevu<br \/>\nSTAKLENA TRAFO STANICA u Sarajevu<br \/>\n\u00abVIJE\u0106NICA\u00bb (stakleni zeleni kubus) u Sarajevu<br \/>\nOBDANI\u0160TE GRBAVICA u Sarajevu<br \/>\n\u0160KOLA SKENDERIJA<br \/>\n\u0160KOLA NE\u0110ARI\u0106I<br \/>\n\u0160KOLA GORICA<br \/>\n\u0160KOLA SREDNJA EKONOMSKA \u0160KOLA (termorefleksno staklo)<br \/>\n\u0160KOLA GIMNAZIJA DOBRINJA<br \/>\nDOMOVI ZDRAVLJA ILID\u017dA-NOVI DIO<br \/>\nDOM ZDRAVLJA MOJMILO<\/p>\n<\/div>\n<\/div>\n","protected":false},"excerpt":{"rendered":"<p>REFERENCES SHOPPING MALLS SARAJEVO CITY CENTER u Sarajevu (godina 2013.\/2014.) MEPAS MALL u Mostaru (godina 2012.) ALTA SHOPPING CENTAR u Sarajevu (godina 2010.) TR\u017dNI CENTAR MERKATOR<span class=\"excerpt-hellip\"> [\u2026]<\/span><\/p>\n","protected":false},"author":6,"featured_media":0,"parent":0,"menu_order":0,"comment_status":"closed","ping_status":"closed","template":"","meta":{"_acf_changed":false,"footnotes":""},"class_list":["post-6837","page","type-page","status-publish","hentry"],"acf":[],"_links":{"self":[{"href":"https:\/\/www.rama-glas.com\/en\/wp-json\/wp\/v2\/pages\/6837","targetHints":{"allow":["GET"]}}],"collection":[{"href":"https:\/\/www.rama-glas.com\/en\/wp-json\/wp\/v2\/pages"}],"about":[{"href":"https:\/\/www.rama-glas.com\/en\/wp-json\/wp\/v2\/types\/page"}],"author":[{"embeddable":true,"href":"https:\/\/www.rama-glas.com\/en\/wp-json\/wp\/v2\/users\/6"}],"replies":[{"embeddable":true,"href":"https:\/\/www.rama-glas.com\/en\/wp-json\/wp\/v2\/comments?post=6837"}],"version-history":[{"count":0,"href":"https:\/\/www.rama-glas.com\/en\/wp-json\/wp\/v2\/pages\/6837\/revisions"}],"wp:attachment":[{"href":"https:\/\/www.rama-glas.com\/en\/wp-json\/wp\/v2\/media?parent=6837"}],"curies":[{"name":"wp","href":"https:\/\/api.w.org\/{rel}","templated":true}]}}